{"id":8,"date":"2024-07-15T16:49:54","date_gmt":"2024-07-15T16:49:54","guid":{"rendered":"https:\/\/portfolio.vouempreendereagora.com.br\/advocacia\/?page_id=8"},"modified":"2024-08-08T18:03:14","modified_gmt":"2024-08-08T18:03:14","slug":"sobre","status":"publish","type":"page","link":"https:\/\/portfolio.vouempreendereagora.com.br\/advocacia\/sobre\/","title":{"rendered":"Sobre"},"content":{"rendered":"\t\t<div data-elementor-type=\"wp-page\" data-elementor-id=\"8\" class=\"elementor elementor-8\">\n\t\t\t\t<div class=\"elementor-element elementor-element-5c5fc70 e-con-full e-flex wpr-particle-no wpr-jarallax-no wpr-parallax-no wpr-sticky-section-no wpr-equal-height-no e-con e-parent\" data-id=\"5c5fc70\" data-element_type=\"container\" data-e-type=\"container\" data-settings=\"{&quot;background_background&quot;:&quot;classic&quot;}\">\n\t\t\t\t<div class=\"elementor-element elementor-element-7ced20a elementor-widget__width-inherit elementor-widget elementor-widget-heading\" data-id=\"7ced20a\" data-element_type=\"widget\" data-e-type=\"widget\" data-widget_type=\"heading.default\">\n\t\t\t\t<div class=\"elementor-widget-container\">\n\t\t\t\t\t<h1 class=\"elementor-heading-title elementor-size-default\">Sobre a Pravda Advogados<\/h1>\t\t\t\t<\/div>\n\t\t\t\t<\/div>\n\t\t\t\t<\/div>\n\t\t<div class=\"elementor-element elementor-element-cedba4f e-flex e-con-boxed wpr-particle-no wpr-jarallax-no wpr-parallax-no wpr-sticky-section-no wpr-equal-height-no e-con e-parent\" data-id=\"cedba4f\" data-element_type=\"container\" data-e-type=\"container\">\n\t\t\t\t\t<div class=\"e-con-inner\">\n\t\t\t\t<div class=\"elementor-element elementor-element-d023d6b elementor-widget elementor-widget-text-editor\" data-id=\"d023d6b\" data-element_type=\"widget\" data-e-type=\"widget\" data-widget_type=\"text-editor.default\">\n\t\t\t\t<div class=\"elementor-widget-container\">\n\t\t\t\t\t\t\t\t\t<p>A Pravda Advogados, foi fundada com o objetivo de proporcionar <strong>servi\u00e7os jur\u00eddicos de alta qualidade e confiabilidade<\/strong>.<\/p><p>Valorizamos a <strong>transpar\u00eancia, a \u00e9tica<\/strong> e o <strong>compromisso com nossos clientes<\/strong>.<\/p><p>Com uma equipe de <strong>profissionais experientes e dedicados<\/strong>, estamos prontos para enfrentar desafios e garantir que<strong> seus direitos sejam sempre preservados<\/strong>.<\/p>\t\t\t\t\t\t\t\t<\/div>\n\t\t\t\t<\/div>\n\t\t<div class=\"elementor-element elementor-element-87dd895 e-grid e-con-full wpr-particle-no wpr-jarallax-no wpr-parallax-no wpr-sticky-section-no wpr-equal-height-no e-con e-child\" data-id=\"87dd895\" data-element_type=\"container\" data-e-type=\"container\">\n\t\t<div class=\"elementor-element elementor-element-d017211 e-con-full e-flex wpr-particle-no wpr-jarallax-no wpr-parallax-no wpr-sticky-section-no wpr-equal-height-no e-con e-child\" data-id=\"d017211\" data-element_type=\"container\" data-e-type=\"container\">\n\t\t\t\t<div class=\"elementor-element elementor-element-5575af5 elementor-widget elementor-widget-heading\" data-id=\"5575af5\" data-element_type=\"widget\" data-e-type=\"widget\" data-widget_type=\"heading.default\">\n\t\t\t\t<div class=\"elementor-widget-container\">\n\t\t\t\t\t<h2 class=\"elementor-heading-title elementor-size-default\">Miss\u00e3o<\/h2>\t\t\t\t<\/div>\n\t\t\t\t<\/div>\n\t\t\t\t<div class=\"elementor-element elementor-element-8c4baa8 elementor-widget elementor-widget-text-editor\" data-id=\"8c4baa8\" data-element_type=\"widget\" data-e-type=\"widget\" data-widget_type=\"text-editor.default\">\n\t\t\t\t<div class=\"elementor-widget-container\">\n\t\t\t\t\t\t\t\t\t<p>Nossa miss\u00e3o \u00e9 oferecer <strong>solu\u00e7\u00f5es jur\u00eddicas<\/strong> <strong>personalizadas e eficazes<\/strong>, atuando com integridade e profissionalismo para proteger os direitos e interesses de nossos clientes.<\/p>\t\t\t\t\t\t\t\t<\/div>\n\t\t\t\t<\/div>\n\t\t\t\t<div class=\"elementor-element elementor-element-77dd167 elementor-widget elementor-widget-heading\" data-id=\"77dd167\" data-element_type=\"widget\" data-e-type=\"widget\" data-widget_type=\"heading.default\">\n\t\t\t\t<div class=\"elementor-widget-container\">\n\t\t\t\t\t<h2 class=\"elementor-heading-title elementor-size-default\">Vis\u00e3o<\/h2>\t\t\t\t<\/div>\n\t\t\t\t<\/div>\n\t\t\t\t<div class=\"elementor-element elementor-element-8bffaf2 elementor-widget elementor-widget-text-editor\" data-id=\"8bffaf2\" data-element_type=\"widget\" data-e-type=\"widget\" data-widget_type=\"text-editor.default\">\n\t\t\t\t<div class=\"elementor-widget-container\">\n\t\t\t\t\t\t\t\t\t<p>Ser reconhecido como <strong>refer\u00eancia em advocacia pela excel\u00eancia<\/strong> dos nossos servi\u00e7os e pelo <strong>compromisso com a justi\u00e7a<\/strong> e a <strong>satisfa\u00e7\u00e3o dos nossos clientes<\/strong>.<\/p>\t\t\t\t\t\t\t\t<\/div>\n\t\t\t\t<\/div>\n\t\t\t\t<\/div>\n\t\t\t\t<div class=\"elementor-element elementor-element-e4d2f75 elementor-widget elementor-widget-image\" data-id=\"e4d2f75\" data-element_type=\"widget\" data-e-type=\"widget\" data-widget_type=\"image.default\">\n\t\t\t\t<div class=\"elementor-widget-container\">\n\t\t\t\t\t\t\t\t\t\t\t\t\t\t\t<img fetchpriority=\"high\" decoding=\"async\" width=\"400\" height=\"525\" src=\"https:\/\/portfolio.vouempreendereagora.com.br\/advocacia\/wp-content\/uploads\/2024\/07\/missao-visao-valores-2.jpg\" class=\"attachment-large size-large wp-image-519\" alt=\"\" srcset=\"https:\/\/portfolio.vouempreendereagora.com.br\/advocacia\/wp-content\/uploads\/2024\/07\/missao-visao-valores-2.jpg 400w, https:\/\/portfolio.vouempreendereagora.com.br\/advocacia\/wp-content\/uploads\/2024\/07\/missao-visao-valores-2-229x300.jpg 229w\" sizes=\"(max-width: 400px) 100vw, 400px\" \/>\t\t\t\t\t\t\t\t\t\t\t\t\t\t\t<\/div>\n\t\t\t\t<\/div>\n\t\t\t\t<\/div>\n\t\t\t\t<div class=\"elementor-element elementor-element-f2f3103 elementor-widget elementor-widget-heading\" data-id=\"f2f3103\" data-element_type=\"widget\" data-e-type=\"widget\" data-widget_type=\"heading.default\">\n\t\t\t\t<div class=\"elementor-widget-container\">\n\t\t\t\t\t<h2 class=\"elementor-heading-title elementor-size-default\">Valores<\/h2>\t\t\t\t<\/div>\n\t\t\t\t<\/div>\n\t\t\t\t<div class=\"elementor-element elementor-element-9286baf elementor-widget elementor-widget-text-editor\" data-id=\"9286baf\" data-element_type=\"widget\" data-e-type=\"widget\" data-widget_type=\"text-editor.default\">\n\t\t\t\t<div class=\"elementor-widget-container\">\n\t\t\t\t\t\t\t\t\t<ul><li><strong>\u00c9tica<\/strong>: Atuamos com transpar\u00eancia e integridade em todas as nossas a\u00e7\u00f5es.<\/li><li><strong>Compromisso<\/strong>: Dedicamo-nos ao m\u00e1ximo para alcan\u00e7ar os melhores resultados para nossos clientes.<\/li><li><strong>Excel\u00eancia<\/strong>: Buscamos continuamente a melhoria e a inova\u00e7\u00e3o em nossos servi\u00e7os.<\/li><li><strong>Respeito<\/strong>: Valorizamos e respeitamos cada cliente, tratando seus casos com a devida aten\u00e7\u00e3o e confidencialidade.<\/li><li><strong>Justi\u00e7a<\/strong>: Lutamos incansavelmente para garantir que os direitos dos nossos clientes sejam respeitados.<\/li><\/ul>\t\t\t\t\t\t\t\t<\/div>\n\t\t\t\t<\/div>\n\t\t\t\t\t<\/div>\n\t\t\t\t<\/div>\n\t\t\t\t<\/div>\n\t\t","protected":false},"excerpt":{"rendered":"<p>Sobre a Pravda Advogados A Pravda Advogados, foi fundada com o objetivo de proporcionar servi\u00e7os jur\u00eddicos de alta qualidade e confiabilidade. Valorizamos a transpar\u00eancia, a \u00e9tica e o compromisso com nossos clientes. Com uma equipe de profissionais experientes e dedicados, estamos prontos para enfrentar desafios e garantir que seus direitos sejam sempre preservados. Miss\u00e3o Nossa miss\u00e3o \u00e9 oferecer solu\u00e7\u00f5es jur\u00eddicas personalizadas e eficazes, atuando com integridade e profissionalismo para proteger os direitos e interesses de nossos clientes. Vis\u00e3o Ser reconhecido como refer\u00eancia em advocacia pela excel\u00eancia dos nossos servi\u00e7os e pelo compromisso com a justi\u00e7a e a satisfa\u00e7\u00e3o dos nossos clientes. Valores \u00c9tica: Atuamos com transpar\u00eancia e integridade em todas as nossas a\u00e7\u00f5es. Compromisso: Dedicamo-nos ao m\u00e1ximo para alcan\u00e7ar os melhores resultados para nossos clientes. Excel\u00eancia: Buscamos continuamente a melhoria e a inova\u00e7\u00e3o em nossos servi\u00e7os. Respeito: Valorizamos e respeitamos cada cliente, tratando seus casos com a devida aten\u00e7\u00e3o e confidencialidade. Justi\u00e7a: Lutamos incansavelmente para garantir que os direitos dos nossos clientes sejam respeitados.<\/p>\n","protected":false},"author":1,"featured_media":0,"parent":0,"menu_order":0,"comment_status":"closed","ping_status":"closed","template":"elementor_header_footer","meta":{"_joinchat":[],"footnotes":""},"class_list":["post-8","page","type-page","status-publish","hentry"],"_links":{"self":[{"href":"https:\/\/portfolio.vouempreendereagora.com.br\/advocacia\/wp-json\/wp\/v2\/pages\/8","targetHints":{"allow":["GET"]}}],"collection":[{"href":"https:\/\/portfolio.vouempreendereagora.com.br\/advocacia\/wp-json\/wp\/v2\/pages"}],"about":[{"href":"https:\/\/portfolio.vouempreendereagora.com.br\/advocacia\/wp-json\/wp\/v2\/types\/page"}],"author":[{"embeddable":true,"href":"https:\/\/portfolio.vouempreendereagora.com.br\/advocacia\/wp-json\/wp\/v2\/users\/1"}],"replies":[{"embeddable":true,"href":"https:\/\/portfolio.vouempreendereagora.com.br\/advocacia\/wp-json\/wp\/v2\/comments?post=8"}],"version-history":[{"count":0,"href":"https:\/\/portfolio.vouempreendereagora.com.br\/advocacia\/wp-json\/wp\/v2\/pages\/8\/revisions"}],"wp:attachment":[{"href":"https:\/\/portfolio.vouempreendereagora.com.br\/advocacia\/wp-json\/wp\/v2\/media?parent=8"}],"curies":[{"name":"wp","href":"https:\/\/api.w.org\/{rel}","templated":true}]}}