{"id":12,"date":"2024-04-10T18:04:02","date_gmt":"2024-04-10T21:04:02","guid":{"rendered":"https:\/\/portfolio.vouempreendereagora.com.br\/contrutora\/?page_id=12"},"modified":"2024-10-22T16:19:36","modified_gmt":"2024-10-22T19:19:36","slug":"a-empresa","status":"publish","type":"page","link":"https:\/\/portfolio.vouempreendereagora.com.br\/construtora\/a-empresa\/","title":{"rendered":"Vitalis Construtora | A Empresa"},"content":{"rendered":"\t\t<div data-elementor-type=\"wp-page\" data-elementor-id=\"12\" class=\"elementor elementor-12\" data-elementor-settings=\"{&quot;ha_cmc_init_switcher&quot;:&quot;no&quot;}\">\n\t\t\t\t<div class=\"elementor-element elementor-element-95df799 e-con-full e-flex wpr-particle-no wpr-jarallax-no wpr-parallax-no wpr-sticky-section-no e-con e-parent\" data-id=\"95df799\" data-element_type=\"container\" data-settings=\"{&quot;background_background&quot;:&quot;classic&quot;}\">\n\t\t\t\t<div class=\"elementor-element elementor-element-a0cc417 elementor-widget__width-inherit elementor-widget elementor-widget-heading\" data-id=\"a0cc417\" data-element_type=\"widget\" data-widget_type=\"heading.default\">\n\t\t\t\t<div class=\"elementor-widget-container\">\n\t\t\t\t\t<h1 class=\"elementor-heading-title elementor-size-default\">Vitalis Construtora<\/h1>\t\t\t\t<\/div>\n\t\t\t\t<\/div>\n\t\t\t\t<\/div>\n\t\t<div class=\"elementor-element elementor-element-361212f e-flex e-con-boxed wpr-particle-no wpr-jarallax-no wpr-parallax-no wpr-sticky-section-no e-con e-parent\" data-id=\"361212f\" data-element_type=\"container\">\n\t\t\t\t\t<div class=\"e-con-inner\">\n\t\t\t\t<div class=\"elementor-element elementor-element-bf9034d elementor-widget__width-inherit elementor-widget elementor-widget-heading\" data-id=\"bf9034d\" data-element_type=\"widget\" data-widget_type=\"heading.default\">\n\t\t\t\t<div class=\"elementor-widget-container\">\n\t\t\t\t\t<h2 class=\"elementor-heading-title elementor-size-default\">Sobre a Vitalis Construtora<\/h2>\t\t\t\t<\/div>\n\t\t\t\t<\/div>\n\t\t\t\t<div class=\"elementor-element elementor-element-c6171f1 elementor-widget__width-inherit elementor-widget elementor-widget-text-editor\" data-id=\"c6171f1\" data-element_type=\"widget\" data-widget_type=\"text-editor.default\">\n\t\t\t\t<div class=\"elementor-widget-container\">\n\t\t\t\t\t\t\t\t\t<p>Na <strong>Vitalis Construtora<\/strong>, transformamos ideias em realidade. Com uma equipe dedicada e especializada, atuamos em projetos de constru\u00e7\u00e3o de diversos portes e segmentos, sempre prezando pela qualidade, inova\u00e7\u00e3o e responsabilidade em cada etapa. Nossa experi\u00eancia no mercado \u00e9 marcada por obras que aliam tecnologia e sustentabilidade, buscando entregar aos nossos clientes empreendimentos que n\u00e3o apenas atendam suas expectativas, mas superem-nas.<\/p><p>Ao longo dos anos, desenvolvemos uma s\u00f3lida reputa\u00e7\u00e3o baseada em compromisso, \u00e9tica e excel\u00eancia, sempre buscando solu\u00e7\u00f5es personalizadas para cada projeto. Desde grandes edif\u00edcios at\u00e9 resid\u00eancias personalizadas, trabalhamos com seriedade e transpar\u00eancia para garantir que cada detalhe seja executado com perfei\u00e7\u00e3o.<\/p>\t\t\t\t\t\t\t\t<\/div>\n\t\t\t\t<\/div>\n\t\t\t\t\t<\/div>\n\t\t\t\t<\/div>\n\t\t<div class=\"elementor-element elementor-element-487bdd6 e-flex e-con-boxed wpr-particle-no wpr-jarallax-no wpr-parallax-no wpr-sticky-section-no e-con e-parent\" data-id=\"487bdd6\" data-element_type=\"container\">\n\t\t\t\t\t<div class=\"e-con-inner\">\n\t\t\t\t<div class=\"elementor-element elementor-element-bff9b6b elementor-widget__width-initial elementor-widget elementor-widget-image\" data-id=\"bff9b6b\" data-element_type=\"widget\" data-widget_type=\"image.default\">\n\t\t\t\t<div class=\"elementor-widget-container\">\n\t\t\t\t\t\t\t\t\t\t\t\t\t\t\t<img fetchpriority=\"high\" decoding=\"async\" width=\"600\" height=\"424\" src=\"https:\/\/portfolio.vouempreendereagora.com.br\/construtora\/wp-content\/uploads\/2024\/10\/sobre-a-vitalis-construtora.jpg\" class=\"attachment-full size-full wp-image-1786\" alt=\"\" srcset=\"https:\/\/portfolio.vouempreendereagora.com.br\/construtora\/wp-content\/uploads\/2024\/10\/sobre-a-vitalis-construtora.jpg 600w, https:\/\/portfolio.vouempreendereagora.com.br\/construtora\/wp-content\/uploads\/2024\/10\/sobre-a-vitalis-construtora-300x212.jpg 300w\" sizes=\"(max-width: 600px) 100vw, 600px\" \/>\t\t\t\t\t\t\t\t\t\t\t\t\t\t\t<\/div>\n\t\t\t\t<\/div>\n\t\t<div class=\"elementor-element elementor-element-050a366 e-con-full e-flex wpr-particle-no wpr-jarallax-no wpr-parallax-no wpr-sticky-section-no e-con e-child\" data-id=\"050a366\" data-element_type=\"container\">\n\t\t\t\t<div class=\"elementor-element elementor-element-6fd0f55 elementor-widget elementor-widget-heading\" data-id=\"6fd0f55\" data-element_type=\"widget\" data-widget_type=\"heading.default\">\n\t\t\t\t<div class=\"elementor-widget-container\">\n\t\t\t\t\t<h2 class=\"elementor-heading-title elementor-size-default\">Nossa Miss\u00e3o:<\/h2>\t\t\t\t<\/div>\n\t\t\t\t<\/div>\n\t\t\t\t<div class=\"elementor-element elementor-element-540ef29 elementor-widget elementor-widget-text-editor\" data-id=\"540ef29\" data-element_type=\"widget\" data-widget_type=\"text-editor.default\">\n\t\t\t\t<div class=\"elementor-widget-container\">\n\t\t\t\t\t\t\t\t\t<p>Construir e entregar projetos de alta qualidade, garantindo a satisfa\u00e7\u00e3o de nossos clientes atrav\u00e9s de solu\u00e7\u00f5es inovadoras, sustent\u00e1veis e alinhadas \u00e0s necessidades de cada empreendimento.<\/p>\t\t\t\t\t\t\t\t<\/div>\n\t\t\t\t<\/div>\n\t\t\t\t<div class=\"elementor-element elementor-element-e88e9de elementor-widget__width-inherit elementor-widget elementor-widget-heading\" data-id=\"e88e9de\" data-element_type=\"widget\" data-widget_type=\"heading.default\">\n\t\t\t\t<div class=\"elementor-widget-container\">\n\t\t\t\t\t<h2 class=\"elementor-heading-title elementor-size-default\">Nossa Vis\u00e3o<\/h2>\t\t\t\t<\/div>\n\t\t\t\t<\/div>\n\t\t\t\t<div class=\"elementor-element elementor-element-5744d51 elementor-widget__width-inherit elementor-widget elementor-widget-text-editor\" data-id=\"5744d51\" data-element_type=\"widget\" data-widget_type=\"text-editor.default\">\n\t\t\t\t<div class=\"elementor-widget-container\">\n\t\t\t\t\t\t\t\t\t<p>Ser refer\u00eancia no mercado da constru\u00e7\u00e3o civil, reconhecida pela excel\u00eancia em projetos e pela capacidade de transformar espa\u00e7os em ambientes que inspiram e trazem valor \u00e0s pessoas e \u00e0s comunidades.<\/p>\t\t\t\t\t\t\t\t<\/div>\n\t\t\t\t<\/div>\n\t\t\t\t<\/div>\n\t\t\t\t\t<\/div>\n\t\t\t\t<\/div>\n\t\t<div class=\"elementor-element elementor-element-66f7b60 e-flex e-con-boxed wpr-particle-no wpr-jarallax-no wpr-parallax-no wpr-sticky-section-no e-con e-parent\" data-id=\"66f7b60\" data-element_type=\"container\">\n\t\t\t\t\t<div class=\"e-con-inner\">\n\t\t<div class=\"elementor-element elementor-element-aeef57a e-con-full e-flex wpr-particle-no wpr-jarallax-no wpr-parallax-no wpr-sticky-section-no e-con e-child\" data-id=\"aeef57a\" data-element_type=\"container\">\n\t\t\t\t<div class=\"elementor-element elementor-element-590c372 elementor-widget__width-inherit elementor-widget elementor-widget-heading\" data-id=\"590c372\" data-element_type=\"widget\" data-widget_type=\"heading.default\">\n\t\t\t\t<div class=\"elementor-widget-container\">\n\t\t\t\t\t<h2 class=\"elementor-heading-title elementor-size-default\">Nossos Valores:<\/h2>\t\t\t\t<\/div>\n\t\t\t\t<\/div>\n\t\t\t\t<div class=\"elementor-element elementor-element-4a8b777 elementor-widget__width-inherit elementor-widget elementor-widget-text-editor\" data-id=\"4a8b777\" data-element_type=\"widget\" data-widget_type=\"text-editor.default\">\n\t\t\t\t<div class=\"elementor-widget-container\">\n\t\t\t\t\t\t\t\t\t<ul><li><strong>Excel\u00eancia<\/strong>: Buscamos a perfei\u00e7\u00e3o em cada projeto, prezando sempre pela qualidade e efici\u00eancia em nossas entregas.<\/li><li><strong>Inova\u00e7\u00e3o<\/strong>: Acreditamos na inova\u00e7\u00e3o como um caminho para melhorar processos e resultados, integrando tecnologia \u00e0s nossas pr\u00e1ticas.<\/li><li><strong>Sustentabilidade<\/strong>: Desenvolvemos projetos que respeitam o meio ambiente, com foco em solu\u00e7\u00f5es sustent\u00e1veis e inteligentes.<\/li><li><strong>Compromisso<\/strong>: Temos um forte compromisso com nossos clientes, garantindo transpar\u00eancia, \u00e9tica e dedica\u00e7\u00e3o em cada projeto.<\/li><li><strong>Seguran\u00e7a<\/strong>: Priorizamos a seguran\u00e7a em todas as etapas, assegurando que nossas obras sigam os mais rigorosos padr\u00f5es de qualidade.<\/li><\/ul>\t\t\t\t\t\t\t\t<\/div>\n\t\t\t\t<\/div>\n\t\t\t\t<\/div>\n\t\t\t\t<div class=\"elementor-element elementor-element-c6be5ba elementor-widget elementor-widget-image\" data-id=\"c6be5ba\" data-element_type=\"widget\" data-widget_type=\"image.default\">\n\t\t\t\t<div class=\"elementor-widget-container\">\n\t\t\t\t\t\t\t\t\t\t\t\t\t\t\t<img decoding=\"async\" width=\"600\" height=\"424\" src=\"https:\/\/portfolio.vouempreendereagora.com.br\/construtora\/wp-content\/uploads\/2024\/10\/sobre-a-vitalis-construtora-2.jpg\" class=\"attachment-full size-full wp-image-1787\" alt=\"\" srcset=\"https:\/\/portfolio.vouempreendereagora.com.br\/construtora\/wp-content\/uploads\/2024\/10\/sobre-a-vitalis-construtora-2.jpg 600w, https:\/\/portfolio.vouempreendereagora.com.br\/construtora\/wp-content\/uploads\/2024\/10\/sobre-a-vitalis-construtora-2-300x212.jpg 300w\" sizes=\"(max-width: 600px) 100vw, 600px\" \/>\t\t\t\t\t\t\t\t\t\t\t\t\t\t\t<\/div>\n\t\t\t\t<\/div>\n\t\t\t\t\t<\/div>\n\t\t\t\t<\/div>\n\t\t<div class=\"elementor-element elementor-element-1ca3544 e-flex e-con-boxed wpr-particle-no wpr-jarallax-no wpr-parallax-no wpr-sticky-section-no e-con e-parent\" data-id=\"1ca3544\" data-element_type=\"container\">\n\t\t\t\t\t<div class=\"e-con-inner\">\n\t\t\t\t<div class=\"elementor-element elementor-element-88cb774 elementor-widget__width-inherit elementor-widget elementor-widget-text-editor\" data-id=\"88cb774\" data-element_type=\"widget\" data-widget_type=\"text-editor.default\">\n\t\t\t\t<div class=\"elementor-widget-container\">\n\t\t\t\t\t\t\t\t\t<p><strong>Entre em contato conosco e agende uma\u00a0 reuni\u00e3o. Vamos juntos transformar seus sonhos em realidade!<\/strong><\/p>\t\t\t\t\t\t\t\t<\/div>\n\t\t\t\t<\/div>\n\t\t\t\t<div class=\"elementor-element elementor-element-2b7668e elementor-align-center elementor-widget__width-inherit elementor-widget elementor-widget-button\" data-id=\"2b7668e\" data-element_type=\"widget\" data-settings=\"{&quot;_animation&quot;:&quot;none&quot;}\" data-widget_type=\"button.default\">\n\t\t\t\t<div class=\"elementor-widget-container\">\n\t\t\t\t\t\t\t\t\t<div class=\"elementor-button-wrapper\">\n\t\t\t\t\t<a class=\"elementor-button elementor-button-link elementor-size-sm elementor-animation-grow\" href=\"https:\/\/portfolio.vouempreendereagora.com.br\/construtora\/fale-conosco\/\" target=\"_blank\">\n\t\t\t\t\t\t<span class=\"elementor-button-content-wrapper\">\n\t\t\t\t\t\t\t\t\t<span class=\"elementor-button-text\">Agendar uma Reuni\u00e3o!<\/span>\n\t\t\t\t\t<\/span>\n\t\t\t\t\t<\/a>\n\t\t\t\t<\/div>\n\t\t\t\t\t\t\t\t<\/div>\n\t\t\t\t<\/div>\n\t\t\t\t\t<\/div>\n\t\t\t\t<\/div>\n\t\t\t\t<\/div>\n\t\t","protected":false},"excerpt":{"rendered":"<p>Vitalis Construtora Sobre a Vitalis Construtora Na Vitalis Construtora, transformamos ideias em realidade. Com uma equipe dedicada e especializada, atuamos em projetos de constru\u00e7\u00e3o de diversos portes e segmentos, sempre prezando pela qualidade, inova\u00e7\u00e3o e responsabilidade em cada etapa. Nossa experi\u00eancia no mercado \u00e9 marcada por obras que aliam tecnologia e sustentabilidade, buscando entregar aos nossos clientes empreendimentos que n\u00e3o apenas atendam suas expectativas, mas superem-nas. Ao longo dos anos, desenvolvemos uma s\u00f3lida reputa\u00e7\u00e3o baseada em compromisso, \u00e9tica e excel\u00eancia, sempre buscando solu\u00e7\u00f5es personalizadas para cada projeto. Desde grandes edif\u00edcios at\u00e9 resid\u00eancias personalizadas, trabalhamos com seriedade e transpar\u00eancia para garantir que cada detalhe seja executado com perfei\u00e7\u00e3o. Nossa Miss\u00e3o: Construir e entregar projetos de alta qualidade, garantindo a satisfa\u00e7\u00e3o de nossos clientes atrav\u00e9s de solu\u00e7\u00f5es inovadoras, sustent\u00e1veis e alinhadas \u00e0s necessidades de cada empreendimento. Nossa Vis\u00e3o Ser refer\u00eancia no mercado da constru\u00e7\u00e3o civil, reconhecida pela excel\u00eancia em projetos e pela capacidade de transformar espa\u00e7os em ambientes que inspiram e trazem valor \u00e0s pessoas e \u00e0s comunidades. Nossos Valores: Excel\u00eancia: Buscamos a perfei\u00e7\u00e3o em cada projeto, prezando sempre pela qualidade e efici\u00eancia em nossas entregas. Inova\u00e7\u00e3o: Acreditamos na inova\u00e7\u00e3o como um caminho para melhorar processos e resultados, integrando tecnologia \u00e0s nossas pr\u00e1ticas. Sustentabilidade: Desenvolvemos projetos que respeitam o meio ambiente, com foco em solu\u00e7\u00f5es sustent\u00e1veis e inteligentes. Compromisso: Temos um forte compromisso com nossos clientes, garantindo transpar\u00eancia, \u00e9tica e dedica\u00e7\u00e3o em cada projeto. Seguran\u00e7a: Priorizamos a seguran\u00e7a em todas as etapas, assegurando que nossas obras sigam os mais rigorosos padr\u00f5es de qualidade. Entre em contato conosco e agende uma\u00a0 reuni\u00e3o. Vamos juntos transformar seus sonhos em realidade! Agendar uma Reuni\u00e3o!<\/p>\n","protected":false},"author":1,"featured_media":0,"parent":0,"menu_order":0,"comment_status":"closed","ping_status":"closed","template":"elementor_header_footer","meta":{"footnotes":""},"class_list":["post-12","page","type-page","status-publish","hentry"],"_links":{"self":[{"href":"https:\/\/portfolio.vouempreendereagora.com.br\/construtora\/wp-json\/wp\/v2\/pages\/12","targetHints":{"allow":["GET"]}}],"collection":[{"href":"https:\/\/portfolio.vouempreendereagora.com.br\/construtora\/wp-json\/wp\/v2\/pages"}],"about":[{"href":"https:\/\/portfolio.vouempreendereagora.com.br\/construtora\/wp-json\/wp\/v2\/types\/page"}],"author":[{"embeddable":true,"href":"https:\/\/portfolio.vouempreendereagora.com.br\/construtora\/wp-json\/wp\/v2\/users\/1"}],"replies":[{"embeddable":true,"href":"https:\/\/portfolio.vouempreendereagora.com.br\/construtora\/wp-json\/wp\/v2\/comments?post=12"}],"version-history":[{"count":111,"href":"https:\/\/portfolio.vouempreendereagora.com.br\/construtora\/wp-json\/wp\/v2\/pages\/12\/revisions"}],"predecessor-version":[{"id":1814,"href":"https:\/\/portfolio.vouempreendereagora.com.br\/construtora\/wp-json\/wp\/v2\/pages\/12\/revisions\/1814"}],"wp:attachment":[{"href":"https:\/\/portfolio.vouempreendereagora.com.br\/construtora\/wp-json\/wp\/v2\/media?parent=12"}],"curies":[{"name":"wp","href":"https:\/\/api.w.org\/{rel}","templated":true}]}}