{"id":402,"date":"2024-05-22T10:47:42","date_gmt":"2024-05-22T13:47:42","guid":{"rendered":"https:\/\/portfolio.vouempreendereagora.com.br\/construtora\/?page_id=402"},"modified":"2024-05-24T13:32:37","modified_gmt":"2024-05-24T16:32:37","slug":"erro-404","status":"publish","type":"page","link":"https:\/\/portfolio.vouempreendereagora.com.br\/construtora\/erro-404\/","title":{"rendered":"Erro 404"},"content":{"rendered":"\t\t<div data-elementor-type=\"wp-page\" data-elementor-id=\"402\" class=\"elementor elementor-402\" data-elementor-settings=\"{&quot;ha_cmc_init_switcher&quot;:&quot;no&quot;}\">\n\t\t\t\t<div class=\"elementor-element elementor-element-b538da0 e-flex e-con-boxed wpr-particle-no wpr-jarallax-no wpr-parallax-no wpr-sticky-section-no e-con e-parent\" data-id=\"b538da0\" data-element_type=\"container\" data-settings=\"{&quot;background_background&quot;:&quot;classic&quot;}\">\n\t\t\t\t\t<div class=\"e-con-inner\">\n\t\t\t\t<div class=\"elementor-element elementor-element-54ab508 elementor-widget__width-initial elementor-widget elementor-widget-heading\" data-id=\"54ab508\" data-element_type=\"widget\" data-widget_type=\"heading.default\">\n\t\t\t\t<div class=\"elementor-widget-container\">\n\t\t\t\t\t<h2 class=\"elementor-heading-title elementor-size-default\">Oops! Essa p\u00e1gina n\u00e3o foi encontrada<\/h2>\t\t\t\t<\/div>\n\t\t\t\t<\/div>\n\t\t\t\t<div class=\"elementor-element elementor-element-5d59c77 elementor-widget elementor-widget-text-editor\" data-id=\"5d59c77\" data-element_type=\"widget\" data-widget_type=\"text-editor.default\">\n\t\t\t\t<div class=\"elementor-widget-container\">\n\t\t\t\t\t\t\t\t\t<p>Voc\u00ea pode navegar pelo nosso menu ou voltar a p\u00e1gina inicial<\/p>\t\t\t\t\t\t\t\t<\/div>\n\t\t\t\t<\/div>\n\t\t\t\t<div class=\"elementor-element elementor-element-355e487 elementor-align-center elementor-widget elementor-widget-button\" data-id=\"355e487\" data-element_type=\"widget\" data-widget_type=\"button.default\">\n\t\t\t\t<div class=\"elementor-widget-container\">\n\t\t\t\t\t\t\t\t\t<div class=\"elementor-button-wrapper\">\n\t\t\t\t\t<a class=\"elementor-button elementor-button-link elementor-size-sm\" href=\"https:\/\/portfolio.vouempreendereagora.com.br\/construtora\">\n\t\t\t\t\t\t<span class=\"elementor-button-content-wrapper\">\n\t\t\t\t\t\t\t\t\t<span class=\"elementor-button-text\">Voltar a P\u00e1gina inicial<\/span>\n\t\t\t\t\t<\/span>\n\t\t\t\t\t<\/a>\n\t\t\t\t<\/div>\n\t\t\t\t\t\t\t\t<\/div>\n\t\t\t\t<\/div>\n\t\t\t\t\t<\/div>\n\t\t\t\t<\/div>\n\t\t\t\t<\/div>\n\t\t","protected":false},"excerpt":{"rendered":"<p>Oops! Essa p\u00e1gina n\u00e3o foi encontrada Voc\u00ea pode navegar pelo nosso menu ou voltar a p\u00e1gina inicial Voltar a P\u00e1gina inicial<\/p>\n","protected":false},"author":1,"featured_media":0,"parent":0,"menu_order":0,"comment_status":"closed","ping_status":"closed","template":"elementor_header_footer","meta":{"footnotes":""},"class_list":["post-402","page","type-page","status-publish","hentry"],"_links":{"self":[{"href":"https:\/\/portfolio.vouempreendereagora.com.br\/construtora\/wp-json\/wp\/v2\/pages\/402","targetHints":{"allow":["GET"]}}],"collection":[{"href":"https:\/\/portfolio.vouempreendereagora.com.br\/construtora\/wp-json\/wp\/v2\/pages"}],"about":[{"href":"https:\/\/portfolio.vouempreendereagora.com.br\/construtora\/wp-json\/wp\/v2\/types\/page"}],"author":[{"embeddable":true,"href":"https:\/\/portfolio.vouempreendereagora.com.br\/construtora\/wp-json\/wp\/v2\/users\/1"}],"replies":[{"embeddable":true,"href":"https:\/\/portfolio.vouempreendereagora.com.br\/construtora\/wp-json\/wp\/v2\/comments?post=402"}],"version-history":[{"count":16,"href":"https:\/\/portfolio.vouempreendereagora.com.br\/construtora\/wp-json\/wp\/v2\/pages\/402\/revisions"}],"predecessor-version":[{"id":618,"href":"https:\/\/portfolio.vouempreendereagora.com.br\/construtora\/wp-json\/wp\/v2\/pages\/402\/revisions\/618"}],"wp:attachment":[{"href":"https:\/\/portfolio.vouempreendereagora.com.br\/construtora\/wp-json\/wp\/v2\/media?parent=402"}],"curies":[{"name":"wp","href":"https:\/\/api.w.org\/{rel}","templated":true}]}}