{"id":11,"date":"2023-09-27T16:40:13","date_gmt":"2023-09-27T16:40:13","guid":{"rendered":"https:\/\/portfolio.vouempreendereagora.com.br\/corretoradeseguros\/?page_id=11"},"modified":"2024-02-26T18:31:57","modified_gmt":"2024-02-26T18:31:57","slug":"assistencia-24h","status":"publish","type":"page","link":"https:\/\/portfolio.vouempreendereagora.com.br\/corretoradeseguros\/assistencia-24h\/","title":{"rendered":"Assist\u00eancia 24 horas"},"content":{"rendered":"\t\t<div data-elementor-type=\"wp-page\" data-elementor-id=\"11\" class=\"elementor elementor-11\">\n\t\t\t\t<div class=\"elementor-element elementor-element-efb2ee3 e-flex e-con-boxed e-con e-parent\" data-id=\"efb2ee3\" data-element_type=\"container\" data-settings=\"{&quot;background_background&quot;:&quot;classic&quot;}\">\n\t\t\t\t\t<div class=\"e-con-inner\">\n\t\t\t\t<div class=\"elementor-element elementor-element-997b96a eael-dual-header-content-align-center elementor-widget elementor-widget-eael-dual-color-header\" data-id=\"997b96a\" data-element_type=\"widget\" data-widget_type=\"eael-dual-color-header.default\">\n\t\t\t\t<div class=\"elementor-widget-container\">\n\t\t\t\t\t\t\t\t<div class=\"eael-dual-header\">\n\t\t\t\t<h2 class=\"title eael-dch-title\"><span class=\"eael-dch-title-text eael-dch-title-lead lead solid-color\">Assist\u00eancia<\/span> <span class=\"eael-dch-title-text\">24 Horas<\/span><\/h2>\t\t\t<\/div>\n\n\t\t\t\t\t\t<\/div>\n\t\t\t\t<\/div>\n\t\t\t\t<div class=\"elementor-element elementor-element-cb090d7 elementor-widget__width-initial elementor-widget elementor-widget-heading\" data-id=\"cb090d7\" data-element_type=\"widget\" data-widget_type=\"heading.default\">\n\t\t\t\t<div class=\"elementor-widget-container\">\n\t\t\t\t\t<h3 class=\"elementor-heading-title elementor-size-default\">Acesse os servi\u00e7os de assist\u00eancia 24 horas das principais seguradoras do Brasil<\/h3>\t\t\t\t<\/div>\n\t\t\t\t<\/div>\n\t\t\t\t\t<\/div>\n\t\t\t\t<\/div>\n\t\t<div class=\"elementor-element elementor-element-28c88f6 e-flex e-con-boxed e-con e-parent\" data-id=\"28c88f6\" data-element_type=\"container\">\n\t\t\t\t\t<div class=\"e-con-inner\">\n\t\t<div class=\"elementor-element elementor-element-2e11849 e-con-full e-flex e-con e-child\" data-id=\"2e11849\" data-element_type=\"container\" data-settings=\"{&quot;animation&quot;:&quot;none&quot;}\">\n\t\t\t\t<div class=\"elementor-element elementor-element-ce63793 elementor-widget elementor-widget-image\" data-id=\"ce63793\" data-element_type=\"widget\" data-widget_type=\"image.default\">\n\t\t\t\t<div class=\"elementor-widget-container\">\n\t\t\t\t\t\t\t\t\t\t\t\t\t\t\t<img decoding=\"async\" width=\"157\" height=\"140\" src=\"https:\/\/portfolio.vouempreendereagora.com.br\/corretoradeseguros\/wp-content\/uploads\/2023\/10\/allianz.jpg\" class=\"attachment-full size-full wp-image-578\" alt=\"\" \/>\t\t\t\t\t\t\t\t\t\t\t\t\t\t\t<\/div>\n\t\t\t\t<\/div>\n\t\t\t\t<div class=\"elementor-element elementor-element-98c7466 elementor-widget elementor-widget-text-editor\" data-id=\"98c7466\" data-element_type=\"widget\" data-widget_type=\"text-editor.default\">\n\t\t\t\t<div class=\"elementor-widget-container\">\n\t\t\t\t\t\t\t\t\t<p>Assist\u00eancia 24h<br \/>0800 130 700<br \/>Central de atendimento<br \/>4090-1110 | 0800 777 7243<br \/>SAC<br \/>0800 115 215<\/p><p><strong><span style=\"color: #72bf4e;\">www.allianz.com.br<\/span><\/strong><\/p>\t\t\t\t\t\t\t\t<\/div>\n\t\t\t\t<\/div>\n\t\t\t\t<\/div>\n\t\t<div class=\"elementor-element elementor-element-1bb87a1 e-con-full e-flex e-con e-child\" data-id=\"1bb87a1\" data-element_type=\"container\">\n\t\t\t\t<div class=\"elementor-element elementor-element-85dc786 elementor-widget elementor-widget-image\" data-id=\"85dc786\" data-element_type=\"widget\" data-widget_type=\"image.default\">\n\t\t\t\t<div class=\"elementor-widget-container\">\n\t\t\t\t\t\t\t\t\t\t\t\t\t\t\t<img decoding=\"async\" width=\"157\" height=\"140\" src=\"https:\/\/portfolio.vouempreendereagora.com.br\/corretoradeseguros\/wp-content\/uploads\/2023\/10\/azul-seguros.jpg\" class=\"attachment-full size-full wp-image-580\" alt=\"\" \/>\t\t\t\t\t\t\t\t\t\t\t\t\t\t\t<\/div>\n\t\t\t\t<\/div>\n\t\t\t\t<div class=\"elementor-element elementor-element-4aee67a elementor-widget elementor-widget-text-editor\" data-id=\"4aee67a\" data-element_type=\"widget\" data-widget_type=\"text-editor.default\">\n\t\t\t\t<div class=\"elementor-widget-container\">\n\t\t\t\t\t\t\t\t\t<p>Assist\u00eancia 24h<br \/>0300 123 2985<br \/>Central de atendimento<br \/>4004-3700 | 0800 703 0203<br \/>SAC<br \/>0800 703 1280<\/p><p><strong><span style=\"color: #72bf4e;\">azulseguros.com.br<\/span><\/strong><\/p>\t\t\t\t\t\t\t\t<\/div>\n\t\t\t\t<\/div>\n\t\t\t\t<\/div>\n\t\t<div class=\"elementor-element elementor-element-41cf386 e-con-full e-flex e-con e-child\" data-id=\"41cf386\" data-element_type=\"container\">\n\t\t\t\t<div class=\"elementor-element elementor-element-cfbeac8 elementor-widget elementor-widget-image\" data-id=\"cfbeac8\" data-element_type=\"widget\" data-widget_type=\"image.default\">\n\t\t\t\t<div class=\"elementor-widget-container\">\n\t\t\t\t\t\t\t\t\t\t\t\t\t\t\t<img decoding=\"async\" width=\"157\" height=\"140\" src=\"https:\/\/portfolio.vouempreendereagora.com.br\/corretoradeseguros\/wp-content\/uploads\/2023\/10\/bradesco-seguros.jpg\" class=\"attachment-full size-full wp-image-581\" alt=\"\" \/>\t\t\t\t\t\t\t\t\t\t\t\t\t\t\t<\/div>\n\t\t\t\t<\/div>\n\t\t\t\t<div class=\"elementor-element elementor-element-bad0566 elementor-widget elementor-widget-text-editor\" data-id=\"bad0566\" data-element_type=\"widget\" data-widget_type=\"text-editor.default\">\n\t\t\t\t<div class=\"elementor-widget-container\">\n\t\t\t\t\t\t\t\t\t<p>Assist\u00eancia 24h<br \/>4004-2713<br \/>Central de atendimento<br \/>4004-2757 | 0800 252 2525<br \/>SAC<br \/>0800 727 9966<\/p><p><strong><span style=\"color: #72bf4e;\">bradescoseguros.com.br<\/span><\/strong><\/p>\t\t\t\t\t\t\t\t<\/div>\n\t\t\t\t<\/div>\n\t\t\t\t<\/div>\n\t\t<div class=\"elementor-element elementor-element-aafceaf e-con-full e-flex e-con e-child\" data-id=\"aafceaf\" data-element_type=\"container\">\n\t\t\t\t<div class=\"elementor-element elementor-element-b1da65a elementor-widget elementor-widget-image\" data-id=\"b1da65a\" data-element_type=\"widget\" data-widget_type=\"image.default\">\n\t\t\t\t<div class=\"elementor-widget-container\">\n\t\t\t\t\t\t\t\t\t\t\t\t\t\t\t<img loading=\"lazy\" decoding=\"async\" width=\"157\" height=\"140\" src=\"https:\/\/portfolio.vouempreendereagora.com.br\/corretoradeseguros\/wp-content\/uploads\/2023\/10\/hdi-seguros.jpg\" class=\"attachment-full size-full wp-image-583\" alt=\"\" \/>\t\t\t\t\t\t\t\t\t\t\t\t\t\t\t<\/div>\n\t\t\t\t<\/div>\n\t\t\t\t<div class=\"elementor-element elementor-element-bb2b394 elementor-widget elementor-widget-text-editor\" data-id=\"bb2b394\" data-element_type=\"widget\" data-widget_type=\"text-editor.default\">\n\t\t\t\t<div class=\"elementor-widget-container\">\n\t\t\t\t\t\t\t\t\t<p>Assist\u00eancia 24h<br \/>3003-4434<br \/>Central de atendimento<br \/>3003-1434 | 0800 777 7434<br \/>SAC<br \/>0800 703 6065<\/p><p><strong><span style=\"color: #72bf4e;\">hdi.com.br<\/span><\/strong><\/p>\t\t\t\t\t\t\t\t<\/div>\n\t\t\t\t<\/div>\n\t\t\t\t<\/div>\n\t\t<div class=\"elementor-element elementor-element-e14b7dc e-con-full e-flex e-con e-child\" data-id=\"e14b7dc\" data-element_type=\"container\">\n\t\t\t\t<div class=\"elementor-element elementor-element-239c5aa elementor-widget elementor-widget-image\" data-id=\"239c5aa\" data-element_type=\"widget\" data-widget_type=\"image.default\">\n\t\t\t\t<div class=\"elementor-widget-container\">\n\t\t\t\t\t\t\t\t\t\t\t\t\t\t\t<img loading=\"lazy\" decoding=\"async\" width=\"157\" height=\"140\" src=\"https:\/\/portfolio.vouempreendereagora.com.br\/corretoradeseguros\/wp-content\/uploads\/2023\/10\/itau-seguros.jpg\" class=\"attachment-full size-full wp-image-584\" alt=\"\" \/>\t\t\t\t\t\t\t\t\t\t\t\t\t\t\t<\/div>\n\t\t\t\t<\/div>\n\t\t\t\t<div class=\"elementor-element elementor-element-c382d60 elementor-widget elementor-widget-text-editor\" data-id=\"c382d60\" data-element_type=\"widget\" data-widget_type=\"text-editor.default\">\n\t\t\t\t<div class=\"elementor-widget-container\">\n\t\t\t\t\t\t\t\t\t<p>Assist\u00eancia 24h<br \/>3003-1010<br \/>Central de atendimento<br \/>3003-1001 | 0800 720 1001<br \/>SAC<br \/>3003-1001<\/p><p><strong><span style=\"color: #72bf4e;\">itauseguros.com.br<\/span><\/strong><\/p>\t\t\t\t\t\t\t\t<\/div>\n\t\t\t\t<\/div>\n\t\t\t\t<\/div>\n\t\t<div class=\"elementor-element elementor-element-99776fb e-con-full e-flex e-con e-child\" data-id=\"99776fb\" data-element_type=\"container\">\n\t\t\t\t<div class=\"elementor-element elementor-element-56ff22c elementor-widget elementor-widget-image\" data-id=\"56ff22c\" data-element_type=\"widget\" data-widget_type=\"image.default\">\n\t\t\t\t<div class=\"elementor-widget-container\">\n\t\t\t\t\t\t\t\t\t\t\t\t\t\t\t<img loading=\"lazy\" decoding=\"async\" width=\"156\" height=\"140\" src=\"https:\/\/portfolio.vouempreendereagora.com.br\/corretoradeseguros\/wp-content\/uploads\/2023\/10\/liberty-seguros.jpg\" class=\"attachment-full size-full wp-image-585\" alt=\"\" \/>\t\t\t\t\t\t\t\t\t\t\t\t\t\t\t<\/div>\n\t\t\t\t<\/div>\n\t\t\t\t<div class=\"elementor-element elementor-element-1eb453a elementor-widget elementor-widget-text-editor\" data-id=\"1eb453a\" data-element_type=\"widget\" data-widget_type=\"text-editor.default\">\n\t\t\t\t<div class=\"elementor-widget-container\">\n\t\t\t\t\t\t\t\t\t<p>Assist\u00eancia 24h<br \/>0800 701 4120<br \/>Central de atendimento<br \/>4004-5423 | 0800 709 5423<br \/>SAC<br \/>0800 726 1981<\/p><p><strong><span style=\"color: #72bf4e;\">libertyseguros.com.br<\/span><\/strong><\/p>\t\t\t\t\t\t\t\t<\/div>\n\t\t\t\t<\/div>\n\t\t\t\t<\/div>\n\t\t<div class=\"elementor-element elementor-element-1d9c64e e-con-full e-flex e-con e-child\" data-id=\"1d9c64e\" data-element_type=\"container\">\n\t\t\t\t<div class=\"elementor-element elementor-element-eb10e1a elementor-widget elementor-widget-image\" data-id=\"eb10e1a\" data-element_type=\"widget\" data-widget_type=\"image.default\">\n\t\t\t\t<div class=\"elementor-widget-container\">\n\t\t\t\t\t\t\t\t\t\t\t\t\t\t\t<img loading=\"lazy\" decoding=\"async\" width=\"156\" height=\"140\" src=\"https:\/\/portfolio.vouempreendereagora.com.br\/corretoradeseguros\/wp-content\/uploads\/2023\/10\/mapfre.jpg\" class=\"attachment-full size-full wp-image-586\" alt=\"\" \/>\t\t\t\t\t\t\t\t\t\t\t\t\t\t\t<\/div>\n\t\t\t\t<\/div>\n\t\t\t\t<div class=\"elementor-element elementor-element-259e09a elementor-widget elementor-widget-text-editor\" data-id=\"259e09a\" data-element_type=\"widget\" data-widget_type=\"text-editor.default\">\n\t\t\t\t<div class=\"elementor-widget-container\">\n\t\t\t\t\t\t\t\t\t<p>Assist\u00eancia 24h<br \/>4004-0101<br \/>Central de atendimento<br \/>4004-0101 | 0800 252 2525<br \/>SAC<br \/>0800 755 1000<\/p><p><strong><span style=\"color: #72bf4e;\">mapfre.com.br<\/span><\/strong><\/p>\t\t\t\t\t\t\t\t<\/div>\n\t\t\t\t<\/div>\n\t\t\t\t<\/div>\n\t\t<div class=\"elementor-element elementor-element-2a08285 e-con-full e-flex e-con e-child\" data-id=\"2a08285\" data-element_type=\"container\">\n\t\t\t\t<div class=\"elementor-element elementor-element-5072fec elementor-widget elementor-widget-image\" data-id=\"5072fec\" data-element_type=\"widget\" data-widget_type=\"image.default\">\n\t\t\t\t<div class=\"elementor-widget-container\">\n\t\t\t\t\t\t\t\t\t\t\t\t\t\t\t<img loading=\"lazy\" decoding=\"async\" width=\"156\" height=\"140\" src=\"https:\/\/portfolio.vouempreendereagora.com.br\/corretoradeseguros\/wp-content\/uploads\/2023\/10\/metlife.jpg\" class=\"attachment-full size-full wp-image-592\" alt=\"\" \/>\t\t\t\t\t\t\t\t\t\t\t\t\t\t\t<\/div>\n\t\t\t\t<\/div>\n\t\t\t\t<div class=\"elementor-element elementor-element-4ad92e6 elementor-widget elementor-widget-text-editor\" data-id=\"4ad92e6\" data-element_type=\"widget\" data-widget_type=\"text-editor.default\">\n\t\t\t\t<div class=\"elementor-widget-container\">\n\t\t\t\t\t\t\t\t\t<p>Assist\u00eancia 24h<br \/>3003-5433 | 0800 638 5433<br \/>Central de atendimento<br \/>3003-5433 | 0800 638 5433<br \/>SAC<br \/>0800 746 3420<\/p><p><strong><span style=\"color: #72bf4e;\">metlife.com.br<\/span><\/strong><\/p>\t\t\t\t\t\t\t\t<\/div>\n\t\t\t\t<\/div>\n\t\t\t\t<\/div>\n\t\t<div class=\"elementor-element elementor-element-2c1ae99 e-con-full e-flex e-con e-child\" data-id=\"2c1ae99\" data-element_type=\"container\">\n\t\t\t\t<div class=\"elementor-element elementor-element-015f9bd elementor-widget elementor-widget-image\" data-id=\"015f9bd\" data-element_type=\"widget\" data-widget_type=\"image.default\">\n\t\t\t\t<div class=\"elementor-widget-container\">\n\t\t\t\t\t\t\t\t\t\t\t\t\t\t\t<img loading=\"lazy\" decoding=\"async\" width=\"157\" height=\"140\" src=\"https:\/\/portfolio.vouempreendereagora.com.br\/corretoradeseguros\/wp-content\/uploads\/2023\/10\/notredame-intermedica.jpg\" class=\"attachment-full size-full wp-image-593\" alt=\"\" \/>\t\t\t\t\t\t\t\t\t\t\t\t\t\t\t<\/div>\n\t\t\t\t<\/div>\n\t\t\t\t<div class=\"elementor-element elementor-element-ee33718 elementor-widget elementor-widget-text-editor\" data-id=\"ee33718\" data-element_type=\"widget\" data-widget_type=\"text-editor.default\">\n\t\t\t\t<div class=\"elementor-widget-container\">\n\t\t\t\t\t\t\t\t\t<p>Assist\u00eancia 24h<br \/>4090-1750 | 0800 409 1750<br \/>Central de atendimento<br \/>4090-1750 | 0800 409 1750<br \/>SAC<br \/>0800 015 3855<\/p><p><strong><span style=\"color: #72bf4e;\">gndi.com.br<\/span><\/strong><\/p>\t\t\t\t\t\t\t\t<\/div>\n\t\t\t\t<\/div>\n\t\t\t\t<\/div>\n\t\t<div class=\"elementor-element elementor-element-58cc1c7 e-con-full e-flex e-con e-child\" data-id=\"58cc1c7\" data-element_type=\"container\">\n\t\t\t\t<div class=\"elementor-element elementor-element-8a4501c elementor-widget elementor-widget-image\" data-id=\"8a4501c\" data-element_type=\"widget\" data-widget_type=\"image.default\">\n\t\t\t\t<div class=\"elementor-widget-container\">\n\t\t\t\t\t\t\t\t\t\t\t\t\t\t\t<img loading=\"lazy\" decoding=\"async\" width=\"157\" height=\"140\" src=\"https:\/\/portfolio.vouempreendereagora.com.br\/corretoradeseguros\/wp-content\/uploads\/2023\/10\/porto-seguro.jpg\" class=\"attachment-full size-full wp-image-587\" alt=\"\" \/>\t\t\t\t\t\t\t\t\t\t\t\t\t\t\t<\/div>\n\t\t\t\t<\/div>\n\t\t\t\t<div class=\"elementor-element elementor-element-202e43e elementor-widget elementor-widget-text-editor\" data-id=\"202e43e\" data-element_type=\"widget\" data-widget_type=\"text-editor.default\">\n\t\t\t\t<div class=\"elementor-widget-container\">\n\t\t\t\t\t\t\t\t\t<p>Assist\u00eancia 24h<br \/>3337-6786<br \/>Central de atendimento<br \/>3337-6786 | 0800 727 0800<br \/>SAC<br \/>0800 727 2766<\/p><p><strong><span style=\"color: #72bf4e;\">portoseguro.com.br<\/span><\/strong><\/p>\t\t\t\t\t\t\t\t<\/div>\n\t\t\t\t<\/div>\n\t\t\t\t<\/div>\n\t\t<div class=\"elementor-element elementor-element-1a27aee e-con-full e-flex e-con e-child\" data-id=\"1a27aee\" data-element_type=\"container\">\n\t\t\t\t<div class=\"elementor-element elementor-element-f6fec82 elementor-widget elementor-widget-image\" data-id=\"f6fec82\" data-element_type=\"widget\" data-widget_type=\"image.default\">\n\t\t\t\t<div class=\"elementor-widget-container\">\n\t\t\t\t\t\t\t\t\t\t\t\t\t\t\t<img loading=\"lazy\" decoding=\"async\" width=\"157\" height=\"140\" src=\"https:\/\/portfolio.vouempreendereagora.com.br\/corretoradeseguros\/wp-content\/uploads\/2023\/10\/sulamerica.jpg\" class=\"attachment-full size-full wp-image-588\" alt=\"\" \/>\t\t\t\t\t\t\t\t\t\t\t\t\t\t\t<\/div>\n\t\t\t\t<\/div>\n\t\t\t\t<div class=\"elementor-element elementor-element-ef6cfe0 elementor-widget elementor-widget-text-editor\" data-id=\"ef6cfe0\" data-element_type=\"widget\" data-widget_type=\"text-editor.default\">\n\t\t\t\t<div class=\"elementor-widget-container\">\n\t\t\t\t\t\t\t\t\t<p>Assist\u00eancia 24h<br \/>4090-1012 | 0800 777 1012<br \/>Central de atendimento<br \/>4004-4100 | 0800 727 4100<br \/>SAC<br \/>0800 725 5901<\/p><p><strong><span style=\"color: #72bf4e;\">sulamericaseguros.com.br<\/span><\/strong><\/p>\t\t\t\t\t\t\t\t<\/div>\n\t\t\t\t<\/div>\n\t\t\t\t<\/div>\n\t\t<div class=\"elementor-element elementor-element-b9bf6f0 e-con-full e-flex e-con e-child\" data-id=\"b9bf6f0\" data-element_type=\"container\">\n\t\t\t\t<div class=\"elementor-element elementor-element-fd2af32 elementor-widget elementor-widget-image\" data-id=\"fd2af32\" data-element_type=\"widget\" data-widget_type=\"image.default\">\n\t\t\t\t<div class=\"elementor-widget-container\">\n\t\t\t\t\t\t\t\t\t\t\t\t\t\t\t<img loading=\"lazy\" decoding=\"async\" width=\"156\" height=\"140\" src=\"https:\/\/portfolio.vouempreendereagora.com.br\/corretoradeseguros\/wp-content\/uploads\/2023\/10\/zurich.jpg\" class=\"attachment-full size-full wp-image-589\" alt=\"\" \/>\t\t\t\t\t\t\t\t\t\t\t\t\t\t\t<\/div>\n\t\t\t\t<\/div>\n\t\t\t\t<div class=\"elementor-element elementor-element-92cc5da elementor-widget elementor-widget-text-editor\" data-id=\"92cc5da\" data-element_type=\"widget\" data-widget_type=\"text-editor.default\">\n\t\t\t\t<div class=\"elementor-widget-container\">\n\t\t\t\t\t\t\t\t\t<p>Assist\u00eancia 24h<br \/>0800 729 1400<br \/>Central de atendimento<br \/>4020-4848 | 0800 285 4141<br \/>SAC<br \/>0800 284 4848<\/p><p><strong><span style=\"color: #72bf4e;\">zurichseguros.com.br<\/span><\/strong><\/p>\t\t\t\t\t\t\t\t<\/div>\n\t\t\t\t<\/div>\n\t\t\t\t<\/div>\n\t\t\t\t\t<\/div>\n\t\t\t\t<\/div>\n\t\t\t\t<\/div>\n\t\t","protected":false},"excerpt":{"rendered":"<p>Assist\u00eancia 24 Horas Acesse os servi\u00e7os de assist\u00eancia 24 horas das principais seguradoras do Brasil Assist\u00eancia 24h0800 130 700Central de atendimento4090-1110 | 0800 777 7243SAC0800 115 215 www.allianz.com.br Assist\u00eancia 24h0300 123 2985Central de atendimento4004-3700 | 0800 703 0203SAC0800 703 1280 azulseguros.com.br Assist\u00eancia 24h4004-2713Central de atendimento4004-2757 | 0800 252 2525SAC0800 727 9966 bradescoseguros.com.br Assist\u00eancia 24h3003-4434Central de [&hellip;]<\/p>\n","protected":false},"author":1,"featured_media":0,"parent":0,"menu_order":0,"comment_status":"closed","ping_status":"closed","template":"","meta":{"footnotes":""},"class_list":["post-11","page","type-page","status-publish","hentry"],"_links":{"self":[{"href":"https:\/\/portfolio.vouempreendereagora.com.br\/corretoradeseguros\/wp-json\/wp\/v2\/pages\/11","targetHints":{"allow":["GET"]}}],"collection":[{"href":"https:\/\/portfolio.vouempreendereagora.com.br\/corretoradeseguros\/wp-json\/wp\/v2\/pages"}],"about":[{"href":"https:\/\/portfolio.vouempreendereagora.com.br\/corretoradeseguros\/wp-json\/wp\/v2\/types\/page"}],"author":[{"embeddable":true,"href":"https:\/\/portfolio.vouempreendereagora.com.br\/corretoradeseguros\/wp-json\/wp\/v2\/users\/1"}],"replies":[{"embeddable":true,"href":"https:\/\/portfolio.vouempreendereagora.com.br\/corretoradeseguros\/wp-json\/wp\/v2\/comments?post=11"}],"version-history":[{"count":61,"href":"https:\/\/portfolio.vouempreendereagora.com.br\/corretoradeseguros\/wp-json\/wp\/v2\/pages\/11\/revisions"}],"predecessor-version":[{"id":976,"href":"https:\/\/portfolio.vouempreendereagora.com.br\/corretoradeseguros\/wp-json\/wp\/v2\/pages\/11\/revisions\/976"}],"wp:attachment":[{"href":"https:\/\/portfolio.vouempreendereagora.com.br\/corretoradeseguros\/wp-json\/wp\/v2\/media?parent=11"}],"curies":[{"name":"wp","href":"https:\/\/api.w.org\/{rel}","templated":true}]}}