{"id":797,"date":"2023-10-04T20:27:58","date_gmt":"2023-10-04T20:27:58","guid":{"rendered":"https:\/\/portfolio.vouempreendereagora.com.br\/corretoradeseguros\/?page_id=797"},"modified":"2025-01-03T20:37:11","modified_gmt":"2025-01-03T20:37:11","slug":"sobre","status":"publish","type":"page","link":"https:\/\/portfolio.vouempreendereagora.com.br\/corretoradeseguros\/sobre\/","title":{"rendered":"Sobre"},"content":{"rendered":"\t\t<div data-elementor-type=\"wp-page\" data-elementor-id=\"797\" class=\"elementor elementor-797\">\n\t\t\t\t<div class=\"elementor-element elementor-element-76b3fcb e-flex e-con-boxed e-con e-parent\" data-id=\"76b3fcb\" data-element_type=\"container\" data-settings=\"{&quot;background_background&quot;:&quot;classic&quot;}\">\n\t\t\t\t\t<div class=\"e-con-inner\">\n\t\t\t\t<div class=\"elementor-element elementor-element-c6ec166 eael-dual-header-content-align-center elementor-widget elementor-widget-eael-dual-color-header\" data-id=\"c6ec166\" data-element_type=\"widget\" data-widget_type=\"eael-dual-color-header.default\">\n\t\t\t\t<div class=\"elementor-widget-container\">\n\t\t\t\t\t\t\t\t<div class=\"eael-dual-header\">\n\t\t\t\t<h1 class=\"title eael-dch-title\"><span class=\"eael-dch-title-text eael-dch-title-lead lead solid-color\">Sobre a<\/span> <span class=\"eael-dch-title-text\">Corretora de Seguros<\/span><\/h1>\t\t\t<\/div>\n\n\t\t\t\t\t\t<\/div>\n\t\t\t\t<\/div>\n\t\t\t\t<div class=\"elementor-element elementor-element-201d46d elementor-widget__width-initial elementor-widget elementor-widget-heading\" data-id=\"201d46d\" data-element_type=\"widget\" data-widget_type=\"heading.default\">\n\t\t\t\t<div class=\"elementor-widget-container\">\n\t\t\t\t\t<h3 class=\"elementor-heading-title elementor-size-default\">Conhe\u00e7a um pouco sobre a Empreender Corretora de Seguros<\/h3>\t\t\t\t<\/div>\n\t\t\t\t<\/div>\n\t\t\t\t\t<\/div>\n\t\t\t\t<\/div>\n\t\t<div class=\"elementor-element elementor-element-5b71ec8d e-flex e-con-boxed e-con e-parent\" data-id=\"5b71ec8d\" data-element_type=\"container\">\n\t\t\t\t\t<div class=\"e-con-inner\">\n\t\t\t\t<div class=\"elementor-element elementor-element-6be570ca elementor-widget elementor-widget-text-editor\" data-id=\"6be570ca\" data-element_type=\"widget\" data-widget_type=\"text-editor.default\">\n\t\t\t\t<div class=\"elementor-widget-container\">\n\t\t\t\t\t\t\t\t\t\n<p>Empreender Corretora de Seguros: 32 anos de experi\u00eancia e compromisso com o cliente<\/p>\n\n\n\n<p>A Empreender Corretora de Seguros \u00e9 uma empresa com 32 anos de experi\u00eancia no mercado de seguros. Fundada em 1991, a Empreender oferece uma ampla gama de produtos e servi\u00e7os de seguros para pessoas f\u00edsicas e jur\u00eddicas.<\/p>\n\n\n\n<h2 class=\"wp-block-heading\"><strong>Nossa miss\u00e3o<\/strong><\/h2>\n\n\n\n<p>A Empreender tem como miss\u00e3o oferecer aos seus clientes uma experi\u00eancia verdadeiramente diferenciada ao contratar um seguro.<\/p>\n\n\n\n<p>Para isso, a empresa conta com uma equipe de profissionais qualificados e experientes, que est\u00e3o prontos para oferecer um atendimento personalizado, r\u00e1pido, transparente e um seguro sob medida para cada cliente.<\/p>\n\n\n\n<h2 class=\"wp-block-heading\"><strong>Nossa hist\u00f3ria<\/strong><\/h2>\n\n\n\n<p>A Empreender foi fundada em 1991 por um profissional com experi\u00eancia no mercado de seguros.<\/p>\n\n\n\n<p>A empresa come\u00e7ou atuando em um nicho espec\u00edfico, mas logo expandiu sua atua\u00e7\u00e3o para oferecer uma ampla gama de produtos e servi\u00e7os de seguros.<\/p>\n\n\n\n<p>Ao longo dos anos, se consolidou sua posi\u00e7\u00e3o no mercado de seguros.<\/p>\n\n\n\n<p>A empresa foi reconhecida por sua qualidade de atendimento e seus produtos e servi\u00e7os inovadores.<\/p>\n\n\n\n<h2 class=\"wp-block-heading\"><strong>Nossos valores<\/strong><\/h2>\n\n\n\n<p>A Empreender acredita que o seguro \u00e9 mais do que um produto financeiro. \u00c9 uma ferramenta que pode ajudar a proteger o futuro das pessoas e das empresas.<\/p>\n\n\n\n<p>Para isso, a Empreender trabalha com base nos seguintes valores:<\/p>\n\n\n\n<ul class=\"wp-block-list\">\n<li><strong>Compet\u00eancia<\/strong>:&nbsp;A Empreender oferece um servi\u00e7o de qualidade, com profissionais qualificados e experientes.<\/li>\n\n\n\n<li><strong>Transpar\u00eancia<\/strong>:&nbsp;A Empreender trabalha com transpar\u00eancia e \u00e9tica, sempre buscando o melhor interesse do cliente.<\/li>\n\n\n\n<li><strong>Atendimento<\/strong>:&nbsp;A Empreender oferece um atendimento personalizado, com foco nas necessidades do cliente.<\/li>\n<\/ul>\n\n\n\n<h2 class=\"wp-block-heading\"><strong>Nossos produtos e servi\u00e7os<\/strong><\/h2>\n\n\n\n<p>A Empreender oferece uma ampla gama de produtos e servi\u00e7os de seguros, incluindo:<\/p>\n\n\n\n<ul class=\"wp-block-list\">\n<li>Seguros de autom\u00f3veis<\/li>\n\n\n\n<li>Seguros de vida<\/li>\n\n\n\n<li>Seguros de sa\u00fade<\/li>\n\n\n\n<li>Seguros de im\u00f3veis<\/li>\n\n\n\n<li>Seguros de empresas<\/li>\n\n\n\n<li>Seguro Residencial<\/li>\n\n\n\n<li>Seguro Previd\u00eancia<\/li>\n\n\n\n<li>Planos de Sa\u00fade Individual<\/li>\n\n\n\n<li>Planos de Sa\u00fade familiar<\/li>\n\n\n\n<li>Plano de Sa\u00fade Empresarial<\/li>\n\n\n\n<li>Plano de Sa\u00fade por ades\u00e3o<\/li>\n\n\n\n<li>Plano Odontol\u00f3gico<\/li>\n<\/ul>\n\n\n\n<p>Entre em contato conosco e vamos encontrar a melhor solu\u00e7\u00e3o para a sua necessidade!<\/p>\n\n\n\n<p>Aproveite para ler o que os nossos clientes est\u00e3o falando sobre n\u00f3s &gt;&gt; <a href=\"https:\/\/portfolio.vouempreendereagora.com.br\/corretoradeseguros\/#depoimentos\">Depoimentos<\/a><\/p>\n\t\t\t\t\t\t\t\t<\/div>\n\t\t\t\t<\/div>\n\t\t\t\t\t<\/div>\n\t\t\t\t<\/div>\n\t\t\t\t<\/div>\n\t\t","protected":false},"excerpt":{"rendered":"<p>Sobre a Corretora de Seguros Conhe\u00e7a um pouco sobre a Empreender Corretora de Seguros Empreender Corretora de Seguros: 32 anos de experi\u00eancia e compromisso com o cliente A Empreender Corretora de Seguros \u00e9 uma empresa com 32 anos de experi\u00eancia no mercado de seguros. Fundada em 1991, a Empreender oferece uma ampla gama de produtos [&hellip;]<\/p>\n","protected":false},"author":1,"featured_media":0,"parent":0,"menu_order":0,"comment_status":"closed","ping_status":"closed","template":"","meta":{"footnotes":""},"class_list":["post-797","page","type-page","status-publish","hentry"],"_links":{"self":[{"href":"https:\/\/portfolio.vouempreendereagora.com.br\/corretoradeseguros\/wp-json\/wp\/v2\/pages\/797","targetHints":{"allow":["GET"]}}],"collection":[{"href":"https:\/\/portfolio.vouempreendereagora.com.br\/corretoradeseguros\/wp-json\/wp\/v2\/pages"}],"about":[{"href":"https:\/\/portfolio.vouempreendereagora.com.br\/corretoradeseguros\/wp-json\/wp\/v2\/types\/page"}],"author":[{"embeddable":true,"href":"https:\/\/portfolio.vouempreendereagora.com.br\/corretoradeseguros\/wp-json\/wp\/v2\/users\/1"}],"replies":[{"embeddable":true,"href":"https:\/\/portfolio.vouempreendereagora.com.br\/corretoradeseguros\/wp-json\/wp\/v2\/comments?post=797"}],"version-history":[{"count":61,"href":"https:\/\/portfolio.vouempreendereagora.com.br\/corretoradeseguros\/wp-json\/wp\/v2\/pages\/797\/revisions"}],"predecessor-version":[{"id":1043,"href":"https:\/\/portfolio.vouempreendereagora.com.br\/corretoradeseguros\/wp-json\/wp\/v2\/pages\/797\/revisions\/1043"}],"wp:attachment":[{"href":"https:\/\/portfolio.vouempreendereagora.com.br\/corretoradeseguros\/wp-json\/wp\/v2\/media?parent=797"}],"curies":[{"name":"wp","href":"https:\/\/api.w.org\/{rel}","templated":true}]}}