{"id":7,"date":"2024-08-06T18:29:03","date_gmt":"2024-08-06T18:29:03","guid":{"rendered":"https:\/\/portfolio.vouempreendereagora.com.br\/terceirizacaodeservicos\/?page_id=7"},"modified":"2024-08-09T16:21:40","modified_gmt":"2024-08-09T16:21:40","slug":"empresa","status":"publish","type":"page","link":"https:\/\/portfolio.vouempreendereagora.com.br\/terceirizacaodeservicos\/empresa\/","title":{"rendered":"Empresa"},"content":{"rendered":"\t\t<div data-elementor-type=\"wp-page\" data-elementor-id=\"7\" class=\"elementor elementor-7\" data-elementor-settings=\"{&quot;ha_cmc_init_switcher&quot;:&quot;no&quot;}\">\n\t\t\t\t<div class=\"elementor-element elementor-element-3ace74e e-con-full e-flex e-con e-parent\" data-id=\"3ace74e\" data-element_type=\"container\" data-settings=\"{&quot;background_background&quot;:&quot;classic&quot;}\">\n\t\t\t\t<div class=\"elementor-element elementor-element-8fa7472 elementor-widget__width-inherit elementor-widget elementor-widget-heading\" data-id=\"8fa7472\" data-element_type=\"widget\" data-widget_type=\"heading.default\">\n\t\t\t\t<div class=\"elementor-widget-container\">\n\t\t\t\t\t<h1 class=\"elementor-heading-title elementor-size-default\"><strong>Protex<\/strong>Guard<\/h1>\t\t\t\t<\/div>\n\t\t\t\t<\/div>\n\t\t\t\t<\/div>\n\t\t<div class=\"elementor-element elementor-element-dde9f1e e-flex e-con-boxed e-con e-parent\" data-id=\"dde9f1e\" data-element_type=\"container\">\n\t\t\t\t\t<div class=\"e-con-inner\">\n\t\t\t\t<div class=\"elementor-element elementor-element-87cd84b elementor-widget elementor-widget-text-editor\" data-id=\"87cd84b\" data-element_type=\"widget\" data-widget_type=\"text-editor.default\">\n\t\t\t\t<div class=\"elementor-widget-container\">\n\t\t\t\t\t\t\t\t\t<p>A <strong>ProtexGuard<\/strong>\u00a0\u00e9 uma empresa <strong>especializada<\/strong> em seguran\u00e7a e presta\u00e7\u00e3o de servi\u00e7os.<\/p><p>Reconhecida pela sua <strong>qualidade, efic\u00e1cia<\/strong> e pela <strong>s\u00f3lida parceria<\/strong> com seus clientes.<\/p><p>Destacamo-nos no mercado como uma organiza\u00e7\u00e3o <strong>\u00e1gil<\/strong> e <strong>moderna<\/strong>, que busca constantemente <strong>novas tecnologias<\/strong>, agregando <strong>conhecimento<\/strong> e <strong>pr\u00e1ticas de aprimoramento<\/strong> para nossos colaboradores.<\/p><p>Nosso objetivo \u00e9 garantir a <strong>seguran\u00e7a<\/strong> e cultivar um <strong>relacionamento s\u00f3lido<\/strong> com nossos clientes e parceiros.<\/p><p>O que nos diferencia \u00e9 o <strong>atendimento personalizado<\/strong>, a <strong>alta produtividade<\/strong>, os <strong>custos competitivos<\/strong> e o <strong>compromisso com a qualidade<\/strong> crescente.<\/p><p>Em um setor altamente competitivo, a\u00a0 ProtexGuard adota uma <strong>gest\u00e3o estrat\u00e9gica<\/strong> e oferece <strong>servi\u00e7os personalizados<\/strong>, sempre buscando proporcionar o <strong>melhor custo-benef\u00edcio<\/strong> aos nossos clientes.<\/p>\t\t\t\t\t\t\t\t<\/div>\n\t\t\t\t<\/div>\n\t\t<div class=\"elementor-element elementor-element-239730f e-grid e-con-full e-con e-child\" data-id=\"239730f\" data-element_type=\"container\">\n\t\t<div class=\"elementor-element elementor-element-03a9eb4 e-con-full e-flex e-con e-child\" data-id=\"03a9eb4\" data-element_type=\"container\">\n\t\t\t\t<div class=\"elementor-element elementor-element-fe66fbb elementor-widget elementor-widget-heading\" data-id=\"fe66fbb\" data-element_type=\"widget\" data-widget_type=\"heading.default\">\n\t\t\t\t<div class=\"elementor-widget-container\">\n\t\t\t\t\t<h2 class=\"elementor-heading-title elementor-size-default\">Miss\u00e3o<\/h2>\t\t\t\t<\/div>\n\t\t\t\t<\/div>\n\t\t\t\t<div class=\"elementor-element elementor-element-a30ec6b elementor-widget elementor-widget-text-editor\" data-id=\"a30ec6b\" data-element_type=\"widget\" data-widget_type=\"text-editor.default\">\n\t\t\t\t<div class=\"elementor-widget-container\">\n\t\t\t\t\t\t\t\t\t<p><strong>Oferecer e implementar solu\u00e7\u00f5es personalizadas em seguran\u00e7a, portaria e servi\u00e7os gerais<\/strong>, permitindo que nossos clientes mantenham o foco em seu <strong>core business<\/strong>.<\/p><p>Atuamos de forma <strong>socialmente respons\u00e1vel<\/strong>, respeitando e valorizando todas as partes envolvidas: clientes, funcion\u00e1rios, fornecedores e a sociedade.<\/p>\t\t\t\t\t\t\t\t<\/div>\n\t\t\t\t<\/div>\n\t\t\t\t<div class=\"elementor-element elementor-element-03c734b elementor-widget elementor-widget-heading\" data-id=\"03c734b\" data-element_type=\"widget\" data-widget_type=\"heading.default\">\n\t\t\t\t<div class=\"elementor-widget-container\">\n\t\t\t\t\t<h2 class=\"elementor-heading-title elementor-size-default\">Vis\u00e3o<\/h2>\t\t\t\t<\/div>\n\t\t\t\t<\/div>\n\t\t\t\t<div class=\"elementor-element elementor-element-9df0d27 elementor-widget elementor-widget-text-editor\" data-id=\"9df0d27\" data-element_type=\"widget\" data-widget_type=\"text-editor.default\">\n\t\t\t\t<div class=\"elementor-widget-container\">\n\t\t\t\t\t\t\t\t\t<p>Ser refer\u00eancia em <strong>excel\u00eancia de servi\u00e7os<\/strong> no setor de seguran\u00e7a, garantindo <strong>satisfa\u00e7\u00e3o plena<\/strong> dos nossos colaboradores e clientes, e consolidando-nos como uma empresa <strong>inovadora<\/strong> e <strong>socialmente respons\u00e1vel<\/strong>, que contribui ativamente para a seguran\u00e7a e o bem-estar da sociedade.<\/p>\t\t\t\t\t\t\t\t<\/div>\n\t\t\t\t<\/div>\n\t\t\t\t<\/div>\n\t\t\t\t<div class=\"elementor-element elementor-element-abca5a6 elementor-widget elementor-widget-image\" data-id=\"abca5a6\" data-element_type=\"widget\" data-widget_type=\"image.default\">\n\t\t\t\t<div class=\"elementor-widget-container\">\n\t\t\t\t\t\t\t\t\t\t\t\t\t\t\t<img fetchpriority=\"high\" decoding=\"async\" width=\"400\" height=\"600\" src=\"https:\/\/portfolio.vouempreendereagora.com.br\/terceirizacaodeservicos\/wp-content\/uploads\/2024\/08\/empresa-.jpg\" class=\"attachment-full size-full wp-image-974\" alt=\"\" srcset=\"https:\/\/portfolio.vouempreendereagora.com.br\/terceirizacaodeservicos\/wp-content\/uploads\/2024\/08\/empresa-.jpg 400w, https:\/\/portfolio.vouempreendereagora.com.br\/terceirizacaodeservicos\/wp-content\/uploads\/2024\/08\/empresa--200x300.jpg 200w\" sizes=\"(max-width: 400px) 100vw, 400px\" \/>\t\t\t\t\t\t\t\t\t\t\t\t\t\t\t<\/div>\n\t\t\t\t<\/div>\n\t\t\t\t<\/div>\n\t\t\t\t<div class=\"elementor-element elementor-element-168e405 elementor-widget elementor-widget-heading\" data-id=\"168e405\" data-element_type=\"widget\" data-widget_type=\"heading.default\">\n\t\t\t\t<div class=\"elementor-widget-container\">\n\t\t\t\t\t<h2 class=\"elementor-heading-title elementor-size-default\">Valores<\/h2>\t\t\t\t<\/div>\n\t\t\t\t<\/div>\n\t\t\t\t<div class=\"elementor-element elementor-element-a02c6a8 elementor-widget elementor-widget-text-editor\" data-id=\"a02c6a8\" data-element_type=\"widget\" data-widget_type=\"text-editor.default\">\n\t\t\t\t<div class=\"elementor-widget-container\">\n\t\t\t\t\t\t\t\t\t<p>Na ProtexGuard, nossos valores s\u00e3o os pilares que sustentam nossa atua\u00e7\u00e3o:<\/p><ul><li><strong>Qualidade e Excel\u00eancia<\/strong>: Comprometemo-nos a entregar servi\u00e7os de <strong>alta qualidade<\/strong>, superando as expectativas dos nossos clientes e garantindo a <strong>efic\u00e1cia<\/strong> em cada opera\u00e7\u00e3o.<\/li><li><strong>Inova\u00e7\u00e3o e Modernidade<\/strong>: Investimos continuamente em <strong>novas tecnologias<\/strong> e na <strong>capacita\u00e7\u00e3o<\/strong> de nossos colaboradores, assegurando que estamos sempre na <strong>vanguarda<\/strong> do setor de seguran\u00e7a.<\/li><li><strong>Parceria e Fidelidade<\/strong>: Valorizamos e cultivamos <strong>parcerias de longo prazo<\/strong>, baseadas na <strong>confian\u00e7a<\/strong>, na <strong>transpar\u00eancia<\/strong> e na <strong>lealdade<\/strong> para com nossos clientes.<\/li><li><strong>Responsabilidade Social<\/strong>: Atuamos de forma <strong>\u00e9tica<\/strong> e <strong>respons\u00e1vel<\/strong>, respeitando e valorizando todos os envolvidos em nossas opera\u00e7\u00f5es, desde clientes at\u00e9 a sociedade em geral.<\/li><li><strong>Competitividade e Produtividade<\/strong>: Buscamos sempre a <strong>efici\u00eancia<\/strong>, oferecendo servi\u00e7os de <strong>alto desempenho<\/strong> com <strong>custos competitivos<\/strong>, sem comprometer a qualidade<\/li><\/ul><p>Somos uma empresa <strong>socialmente respons\u00e1vel<\/strong>, respeitando e valorizando todas as partes envolvidas em nossas opera\u00e7\u00f5es: clientes, funcion\u00e1rios, fornecedores e a sociedade em geral.<\/p>\t\t\t\t\t\t\t\t<\/div>\n\t\t\t\t<\/div>\n\t\t\t\t\t<\/div>\n\t\t\t\t<\/div>\n\t\t\t\t<\/div>\n\t\t","protected":false},"excerpt":{"rendered":"<p>ProtexGuard A ProtexGuard\u00a0\u00e9 uma empresa especializada em seguran\u00e7a e presta\u00e7\u00e3o de servi\u00e7os. Reconhecida pela sua qualidade, efic\u00e1cia e pela s\u00f3lida parceria com seus clientes. Destacamo-nos no mercado como uma organiza\u00e7\u00e3o \u00e1gil e moderna, que busca constantemente novas tecnologias, agregando conhecimento e pr\u00e1ticas de aprimoramento para nossos colaboradores. Nosso objetivo \u00e9 garantir a seguran\u00e7a e cultivar [&hellip;]<\/p>\n","protected":false},"author":1,"featured_media":0,"parent":0,"menu_order":0,"comment_status":"closed","ping_status":"closed","template":"elementor_header_footer","meta":{"footnotes":""},"class_list":["post-7","page","type-page","status-publish","hentry"],"_links":{"self":[{"href":"https:\/\/portfolio.vouempreendereagora.com.br\/terceirizacaodeservicos\/wp-json\/wp\/v2\/pages\/7"}],"collection":[{"href":"https:\/\/portfolio.vouempreendereagora.com.br\/terceirizacaodeservicos\/wp-json\/wp\/v2\/pages"}],"about":[{"href":"https:\/\/portfolio.vouempreendereagora.com.br\/terceirizacaodeservicos\/wp-json\/wp\/v2\/types\/page"}],"author":[{"embeddable":true,"href":"https:\/\/portfolio.vouempreendereagora.com.br\/terceirizacaodeservicos\/wp-json\/wp\/v2\/users\/1"}],"replies":[{"embeddable":true,"href":"https:\/\/portfolio.vouempreendereagora.com.br\/terceirizacaodeservicos\/wp-json\/wp\/v2\/comments?post=7"}],"version-history":[{"count":34,"href":"https:\/\/portfolio.vouempreendereagora.com.br\/terceirizacaodeservicos\/wp-json\/wp\/v2\/pages\/7\/revisions"}],"predecessor-version":[{"id":977,"href":"https:\/\/portfolio.vouempreendereagora.com.br\/terceirizacaodeservicos\/wp-json\/wp\/v2\/pages\/7\/revisions\/977"}],"wp:attachment":[{"href":"https:\/\/portfolio.vouempreendereagora.com.br\/terceirizacaodeservicos\/wp-json\/wp\/v2\/media?parent=7"}],"curies":[{"name":"wp","href":"https:\/\/api.w.org\/{rel}","templated":true}]}}